{"id":3827,"date":"2020-11-14T09:40:43","date_gmt":"2020-11-14T08:40:43","guid":{"rendered":"http:\/\/medrassadudesert.org\/?page_id=3827"},"modified":"2024-08-06T15:35:21","modified_gmt":"2024-08-06T13:35:21","slug":"temoignage-en-image","status":"publish","type":"page","link":"https:\/\/medrassadudesert.org\/index.php\/temoignage-en-image\/","title":{"rendered":"T\u00e9moignage en image"},"content":{"rendered":"<p><span style=\"color: #0000ff;\"><em><strong>Ces pages traduisent en images les activit\u00e9s de l&rsquo;ONG dans diff\u00e9rents domaines d&rsquo;interventions et d&rsquo;activit\u00e9s.<\/strong><\/em><\/span><\/p>\n<p><em><span style=\"color: #0000ff;\"><strong>En effet, c&rsquo;est plus de 76 villages qui ont \u00e9t\u00e9 visit\u00e9s depuis 2007. Nos actions vont de quelques tables ou chaises r\u00e9par\u00e9es, d&rsquo;un tableau fix\u00e9 ou de la dalle de sol refaite, refaire le toit, remonter un mur de classe, renforcer un petit barrage de r\u00e9tention d&rsquo;eau ou creuser un puit, fabriquer du mobilier scolaire et jusqu&rsquo;\u00e0 construire des \u00e9coles ou des postes des sant\u00e9.<\/strong><\/span><\/em><\/p>\n<p><span style=\"color: #0000ff;\"><em><strong>Bonne promenade.<\/strong><\/em><\/span><\/p>\n<p><span style=\"color: #993300;\"><em><strong><a style=\"color: #993300;\" href=\"https:\/\/medrassadudesert.org\/index.php\/2022\/08\/17\/photos-constructions-renovations-equipement\/\">Construction\/R\u00e9novation &#8211; \u00e9coles<\/a><\/strong><\/em><\/span><\/p>\n<p><em><strong><span style=\"color: #993300;\"><a style=\"color: #993300;\" href=\"https:\/\/medrassadudesert.org\/index.php\/2022\/08\/17\/photos-construction-poste-de-sante\/\">Construction \/ R\u00e9novation \u2013 poste de sant\u00e9<\/a><\/span><\/strong><\/em><\/p>\n<p><em><strong><span style=\"color: #993300;\"><a style=\"color: #993300;\" href=\"https:\/\/medrassadudesert.org\/index.php\/2024\/08\/06\/equipement-ecoles-poste-de-sante\/\">\u00a0Equipement : Ecoles \u2013 Poste de sant\u00e9<\/a><\/span><\/strong><\/em><\/p>\n<p><em><strong><span style=\"color: #993300;\"><a style=\"color: #993300;\" href=\"https:\/\/medrassadudesert.org\/index.php\/2022\/08\/17\/distributions\/\">Distributions\u00a0<\/a><\/span><\/strong><\/em>\u00a0 \u00a0 \u00a0 \u00a0 \u00a0 <em><strong><span style=\"color: #993300;\"><a style=\"color: #993300;\" href=\"https:\/\/medrassadudesert.org\/index.php\/2022\/08\/17\/en-classe\/\">\u00a0Photos d\u2019\u00e9cole \/ en classe<\/a><\/span><\/strong><\/em>\u00a0 \u00a0 \u00a0 \u00a0 \u00a0 \u00a0<strong><span style=\"color: #993300;\"><a style=\"color: #993300;\" href=\"https:\/\/medrassadudesert.org\/index.php\/2022\/08\/17\/le-puit-tekamourett\/\">Le puit -Tekamourett<\/a><\/span><\/strong><\/p>\n<p>&nbsp;<\/p>\n","protected":false},"excerpt":{"rendered":"<p>Ces pages traduisent en images les activit\u00e9s de l&rsquo;ONG dans diff\u00e9rents domaines d&rsquo;interventions et d&rsquo;activit\u00e9s. En effet, c&rsquo;est plus de 76 villages qui ont \u00e9t\u00e9 visit\u00e9s depuis 2007. Nos actions vont de quelques tables ou chaises r\u00e9par\u00e9es, d&rsquo;un tableau fix\u00e9 ou de la dalle de sol refaite, refaire le toit, remonter un mur de classe, [&hellip;]<\/p>\n","protected":false},"author":2,"featured_media":0,"parent":0,"menu_order":0,"comment_status":"closed","ping_status":"closed","template":"","meta":{"_monsterinsights_skip_tracking":false,"_monsterinsights_sitenote_active":false,"_monsterinsights_sitenote_note":"","_monsterinsights_sitenote_category":0,"footnotes":""},"class_list":["post-3827","page","type-page","status-publish","hentry"],"yoast_head":"<!-- This site is optimized with the Yoast SEO plugin v27.4 - https:\/\/yoast.com\/product\/yoast-seo-wordpress\/ -->\n<title>T\u00e9moignage en image - ONG MEDRASSA DU DESERT<\/title>\n<meta name=\"robots\" content=\"index, follow, max-snippet:-1, max-image-preview:large, max-video-preview:-1\" \/>\n<link rel=\"canonical\" href=\"https:\/\/medrassadudesert.org\/index.php\/temoignage-en-image\/\" \/>\n<meta property=\"og:locale\" content=\"fr_FR\" \/>\n<meta property=\"og:type\" content=\"article\" \/>\n<meta property=\"og:title\" content=\"T\u00e9moignage en image - ONG MEDRASSA DU DESERT\" \/>\n<meta property=\"og:description\" content=\"Ces pages traduisent en images les activit\u00e9s de l&rsquo;ONG dans diff\u00e9rents domaines d&rsquo;interventions et d&rsquo;activit\u00e9s. En effet, c&rsquo;est plus de 76 villages qui ont \u00e9t\u00e9 visit\u00e9s depuis 2007. Nos actions vont de quelques tables ou chaises r\u00e9par\u00e9es, d&rsquo;un tableau fix\u00e9 ou de la dalle de sol refaite, refaire le toit, remonter un mur de classe, [&hellip;]\" \/>\n<meta property=\"og:url\" content=\"https:\/\/medrassadudesert.org\/index.php\/temoignage-en-image\/\" \/>\n<meta property=\"og:site_name\" content=\"ONG MEDRASSA DU DESERT\" \/>\n<meta property=\"article:publisher\" content=\"https:\/\/fr-fr.facebook.com\/ONGMDD\/\" \/>\n<meta property=\"article:modified_time\" content=\"2024-08-06T13:35:21+00:00\" \/>\n<meta name=\"twitter:card\" content=\"summary_large_image\" \/>\n<meta name=\"twitter:label1\" content=\"Dur\u00e9e de lecture estim\u00e9e\" \/>\n\t<meta name=\"twitter:data1\" content=\"1 minute\" \/>\n<script type=\"application\/ld+json\" class=\"yoast-schema-graph\">{\"@context\":\"https:\\\/\\\/schema.org\",\"@graph\":[{\"@type\":\"WebPage\",\"@id\":\"https:\\\/\\\/medrassadudesert.org\\\/index.php\\\/temoignage-en-image\\\/\",\"url\":\"https:\\\/\\\/medrassadudesert.org\\\/index.php\\\/temoignage-en-image\\\/\",\"name\":\"T\u00e9moignage en image - ONG MEDRASSA DU DESERT\",\"isPartOf\":{\"@id\":\"https:\\\/\\\/medrassadudesert.org\\\/#website\"},\"datePublished\":\"2020-11-14T08:40:43+00:00\",\"dateModified\":\"2024-08-06T13:35:21+00:00\",\"breadcrumb\":{\"@id\":\"https:\\\/\\\/medrassadudesert.org\\\/index.php\\\/temoignage-en-image\\\/#breadcrumb\"},\"inLanguage\":\"fr-FR\",\"potentialAction\":[{\"@type\":\"ReadAction\",\"target\":[\"https:\\\/\\\/medrassadudesert.org\\\/index.php\\\/temoignage-en-image\\\/\"]}]},{\"@type\":\"BreadcrumbList\",\"@id\":\"https:\\\/\\\/medrassadudesert.org\\\/index.php\\\/temoignage-en-image\\\/#breadcrumb\",\"itemListElement\":[{\"@type\":\"ListItem\",\"position\":1,\"name\":\"Accueil\",\"item\":\"https:\\\/\\\/medrassadudesert.org\\\/\"},{\"@type\":\"ListItem\",\"position\":2,\"name\":\"T\u00e9moignage en image\"}]},{\"@type\":\"WebSite\",\"@id\":\"https:\\\/\\\/medrassadudesert.org\\\/#website\",\"url\":\"https:\\\/\\\/medrassadudesert.org\\\/\",\"name\":\"ONG MEDRASSA DU DESERT\",\"description\":\"Am\u00e9liorer la scolarit\u00e9 &amp; la sant\u00e9 des enfants du d\u00e9sert mauritanien\",\"potentialAction\":[{\"@type\":\"SearchAction\",\"target\":{\"@type\":\"EntryPoint\",\"urlTemplate\":\"https:\\\/\\\/medrassadudesert.org\\\/?s={search_term_string}\"},\"query-input\":{\"@type\":\"PropertyValueSpecification\",\"valueRequired\":true,\"valueName\":\"search_term_string\"}}],\"inLanguage\":\"fr-FR\"}]}<\/script>\n<!-- \/ Yoast SEO plugin. -->","yoast_head_json":{"title":"T\u00e9moignage en image - ONG MEDRASSA DU DESERT","robots":{"index":"index","follow":"follow","max-snippet":"max-snippet:-1","max-image-preview":"max-image-preview:large","max-video-preview":"max-video-preview:-1"},"canonical":"https:\/\/medrassadudesert.org\/index.php\/temoignage-en-image\/","og_locale":"fr_FR","og_type":"article","og_title":"T\u00e9moignage en image - ONG MEDRASSA DU DESERT","og_description":"Ces pages traduisent en images les activit\u00e9s de l&rsquo;ONG dans diff\u00e9rents domaines d&rsquo;interventions et d&rsquo;activit\u00e9s. En effet, c&rsquo;est plus de 76 villages qui ont \u00e9t\u00e9 visit\u00e9s depuis 2007. Nos actions vont de quelques tables ou chaises r\u00e9par\u00e9es, d&rsquo;un tableau fix\u00e9 ou de la dalle de sol refaite, refaire le toit, remonter un mur de classe, [&hellip;]","og_url":"https:\/\/medrassadudesert.org\/index.php\/temoignage-en-image\/","og_site_name":"ONG MEDRASSA DU DESERT","article_publisher":"https:\/\/fr-fr.facebook.com\/ONGMDD\/","article_modified_time":"2024-08-06T13:35:21+00:00","twitter_card":"summary_large_image","twitter_misc":{"Dur\u00e9e de lecture estim\u00e9e":"1 minute"},"schema":{"@context":"https:\/\/schema.org","@graph":[{"@type":"WebPage","@id":"https:\/\/medrassadudesert.org\/index.php\/temoignage-en-image\/","url":"https:\/\/medrassadudesert.org\/index.php\/temoignage-en-image\/","name":"T\u00e9moignage en image - ONG MEDRASSA DU DESERT","isPartOf":{"@id":"https:\/\/medrassadudesert.org\/#website"},"datePublished":"2020-11-14T08:40:43+00:00","dateModified":"2024-08-06T13:35:21+00:00","breadcrumb":{"@id":"https:\/\/medrassadudesert.org\/index.php\/temoignage-en-image\/#breadcrumb"},"inLanguage":"fr-FR","potentialAction":[{"@type":"ReadAction","target":["https:\/\/medrassadudesert.org\/index.php\/temoignage-en-image\/"]}]},{"@type":"BreadcrumbList","@id":"https:\/\/medrassadudesert.org\/index.php\/temoignage-en-image\/#breadcrumb","itemListElement":[{"@type":"ListItem","position":1,"name":"Accueil","item":"https:\/\/medrassadudesert.org\/"},{"@type":"ListItem","position":2,"name":"T\u00e9moignage en image"}]},{"@type":"WebSite","@id":"https:\/\/medrassadudesert.org\/#website","url":"https:\/\/medrassadudesert.org\/","name":"ONG MEDRASSA DU DESERT","description":"Am\u00e9liorer la scolarit\u00e9 &amp; la sant\u00e9 des enfants du d\u00e9sert mauritanien","potentialAction":[{"@type":"SearchAction","target":{"@type":"EntryPoint","urlTemplate":"https:\/\/medrassadudesert.org\/?s={search_term_string}"},"query-input":{"@type":"PropertyValueSpecification","valueRequired":true,"valueName":"search_term_string"}}],"inLanguage":"fr-FR"}]}},"_links":{"self":[{"href":"https:\/\/medrassadudesert.org\/index.php\/wp-json\/wp\/v2\/pages\/3827","targetHints":{"allow":["GET"]}}],"collection":[{"href":"https:\/\/medrassadudesert.org\/index.php\/wp-json\/wp\/v2\/pages"}],"about":[{"href":"https:\/\/medrassadudesert.org\/index.php\/wp-json\/wp\/v2\/types\/page"}],"author":[{"embeddable":true,"href":"https:\/\/medrassadudesert.org\/index.php\/wp-json\/wp\/v2\/users\/2"}],"replies":[{"embeddable":true,"href":"https:\/\/medrassadudesert.org\/index.php\/wp-json\/wp\/v2\/comments?post=3827"}],"version-history":[{"count":10,"href":"https:\/\/medrassadudesert.org\/index.php\/wp-json\/wp\/v2\/pages\/3827\/revisions"}],"predecessor-version":[{"id":5274,"href":"https:\/\/medrassadudesert.org\/index.php\/wp-json\/wp\/v2\/pages\/3827\/revisions\/5274"}],"wp:attachment":[{"href":"https:\/\/medrassadudesert.org\/index.php\/wp-json\/wp\/v2\/media?parent=3827"}],"curies":[{"name":"wp","href":"https:\/\/api.w.org\/{rel}","templated":true}]}}