{"id":3828,"date":"2020-11-14T09:40:43","date_gmt":"2020-11-14T08:40:43","guid":{"rendered":"http:\/\/medrassadudesert.org\/?page_id=3828"},"modified":"2022-08-16T15:34:49","modified_gmt":"2022-08-16T13:34:49","slug":"nous-rejoindre","status":"publish","type":"page","link":"https:\/\/medrassadudesert.org\/index.php\/nous-rejoindre\/","title":{"rendered":"Nous (re)joindre"},"content":{"rendered":"<h3><span style=\"color: #0000ff;\"><strong><a style=\"color: #0000ff;\" href=\"https:\/\/medrassadudesert.org\/index.php\/2022\/08\/16\/contact\/\">Contact<\/a><\/strong><\/span>\u00a0 \u00a0 \u00a0 \u00a0 \u00a0 \u00a0 \u00a0<span style=\"color: #0000ff;\"><strong>\u00a0\u00a0<a style=\"color: #0000ff;\" href=\"https:\/\/medrassadudesert.org\/index.php\/2022\/08\/16\/adhesion-dons\/\">Adh\u00e9sion \/ Dons<\/a><\/strong><\/span><strong>\u00a0 \u00a0<\/strong><\/h3>\n<h3><strong><span style=\"color: #0000ff;\">\u00a0 \u00a0\u00a0 \u00a0\u00a0 \u00a0\u00a0 \u00a0\u00a0 \u00a0\u00a0 <a style=\"color: #0000ff;\" href=\"https:\/\/medrassadudesert.org\/index.php\/2022\/08\/16\/media\/\">Media<\/a><\/span><\/strong><span style=\"color: #0000ff;\">\u00a0<\/span>\u00a0 \u00a0 \u00a0 \u00a0 \u00a0 \u00a0 \u00a0 \u00a0 \u00a0 \u00a0 \u00a0 \u00a0 <strong>\u00a0<span style=\"color: #0000ff;\"><a style=\"color: #0000ff;\" href=\"https:\/\/medrassadudesert.org\/index.php\/2022\/08\/16\/produits-a-la-vente\/\">Produits \u00e0 la Vente<\/a><\/span><\/strong><\/h3>\n<p>Comme pour toute organisation, l\u2019argent est indispensable \u00e0 notre activit\u00e9. Notre association n\u2019y fait pas exception. Les programmes, projets et actions sont vot\u00e9s en assembl\u00e9e g\u00e9n\u00e9rale.<\/p>\n<p>Les frais de fonctionnement de l\u2019association sont couvert \u00e0 98% en auto-financement et limit\u00e9s \u00e0 5% du budget.<\/p>\n<p>Nous ma\u00eetrisons de bout en bout les flux budg\u00e9taires sans pr\u00eate nom ni interm\u00e9diaire. Nos d\u00e9penses sont majoritairement g\u00e9r\u00e9es en ressources affect\u00e9es.<\/p>\n<p>Ces r\u00e8gles de gestion strictes permettent de rassurer nos souscripteurs et de leur rendre compte de la bonne utilisation de leur g\u00e9n\u00e9rosit\u00e9.<\/p>\n<p>Vous avez la possibilit\u00e9 de verser des sommes modiques tous les mois pour pr\u00e9server vos besoins familiaux tout en apportant un vrai espoir aux enfants du d\u00e9sert qui pourront ainsi rester vivre dans leur milieu.<\/p>\n<p>Merci pour eux<\/p>\n<p><strong><em>Nous esp\u00e9rons pouvoir vous compter parmi nous, vous emmener avec nous ou vous rendre compte de l&rsquo;utilisation de vos dons.<\/em><\/strong><\/p>\n","protected":false},"excerpt":{"rendered":"<p>Contact\u00a0 \u00a0 \u00a0 \u00a0 \u00a0 \u00a0 \u00a0\u00a0\u00a0Adh\u00e9sion \/ Dons\u00a0 \u00a0 \u00a0 \u00a0\u00a0 \u00a0\u00a0 \u00a0\u00a0 \u00a0\u00a0 \u00a0\u00a0 Media\u00a0\u00a0 \u00a0 \u00a0 \u00a0 \u00a0 \u00a0 \u00a0 \u00a0 \u00a0 \u00a0 \u00a0 \u00a0 \u00a0Produits \u00e0 la Vente Comme pour toute organisation, l\u2019argent est indispensable \u00e0 notre activit\u00e9. Notre association n\u2019y fait pas exception. Les programmes, projets et actions sont vot\u00e9s [&hellip;]<\/p>\n","protected":false},"author":2,"featured_media":0,"parent":0,"menu_order":0,"comment_status":"closed","ping_status":"closed","template":"","meta":{"_monsterinsights_skip_tracking":false,"_monsterinsights_sitenote_active":false,"_monsterinsights_sitenote_note":"","_monsterinsights_sitenote_category":0,"footnotes":""},"class_list":["post-3828","page","type-page","status-publish","hentry"],"yoast_head":"<!-- This site is optimized with the Yoast SEO plugin v27.4 - https:\/\/yoast.com\/product\/yoast-seo-wordpress\/ -->\n<title>Nous (re)joindre - ONG MEDRASSA DU DESERT<\/title>\n<meta name=\"robots\" content=\"index, follow, max-snippet:-1, max-image-preview:large, max-video-preview:-1\" \/>\n<link rel=\"canonical\" href=\"https:\/\/medrassadudesert.org\/index.php\/nous-rejoindre\/\" \/>\n<meta property=\"og:locale\" content=\"fr_FR\" \/>\n<meta property=\"og:type\" content=\"article\" \/>\n<meta property=\"og:title\" content=\"Nous (re)joindre - ONG MEDRASSA DU DESERT\" \/>\n<meta property=\"og:description\" content=\"Contact\u00a0 \u00a0 \u00a0 \u00a0 \u00a0 \u00a0 \u00a0\u00a0\u00a0Adh\u00e9sion \/ Dons\u00a0 \u00a0 \u00a0 \u00a0\u00a0 \u00a0\u00a0 \u00a0\u00a0 \u00a0\u00a0 \u00a0\u00a0 Media\u00a0\u00a0 \u00a0 \u00a0 \u00a0 \u00a0 \u00a0 \u00a0 \u00a0 \u00a0 \u00a0 \u00a0 \u00a0 \u00a0Produits \u00e0 la Vente Comme pour toute organisation, l\u2019argent est indispensable \u00e0 notre activit\u00e9. Notre association n\u2019y fait pas exception. Les programmes, projets et actions sont vot\u00e9s [&hellip;]\" \/>\n<meta property=\"og:url\" content=\"https:\/\/medrassadudesert.org\/index.php\/nous-rejoindre\/\" \/>\n<meta property=\"og:site_name\" content=\"ONG MEDRASSA DU DESERT\" \/>\n<meta property=\"article:publisher\" content=\"https:\/\/fr-fr.facebook.com\/ONGMDD\/\" \/>\n<meta property=\"article:modified_time\" content=\"2022-08-16T13:34:49+00:00\" \/>\n<meta name=\"twitter:card\" content=\"summary_large_image\" \/>\n<meta name=\"twitter:label1\" content=\"Dur\u00e9e de lecture estim\u00e9e\" \/>\n\t<meta name=\"twitter:data1\" content=\"1 minute\" \/>\n<script type=\"application\/ld+json\" class=\"yoast-schema-graph\">{\"@context\":\"https:\\\/\\\/schema.org\",\"@graph\":[{\"@type\":\"WebPage\",\"@id\":\"https:\\\/\\\/medrassadudesert.org\\\/index.php\\\/nous-rejoindre\\\/\",\"url\":\"https:\\\/\\\/medrassadudesert.org\\\/index.php\\\/nous-rejoindre\\\/\",\"name\":\"Nous (re)joindre - ONG MEDRASSA DU DESERT\",\"isPartOf\":{\"@id\":\"https:\\\/\\\/medrassadudesert.org\\\/#website\"},\"datePublished\":\"2020-11-14T08:40:43+00:00\",\"dateModified\":\"2022-08-16T13:34:49+00:00\",\"breadcrumb\":{\"@id\":\"https:\\\/\\\/medrassadudesert.org\\\/index.php\\\/nous-rejoindre\\\/#breadcrumb\"},\"inLanguage\":\"fr-FR\",\"potentialAction\":[{\"@type\":\"ReadAction\",\"target\":[\"https:\\\/\\\/medrassadudesert.org\\\/index.php\\\/nous-rejoindre\\\/\"]}]},{\"@type\":\"BreadcrumbList\",\"@id\":\"https:\\\/\\\/medrassadudesert.org\\\/index.php\\\/nous-rejoindre\\\/#breadcrumb\",\"itemListElement\":[{\"@type\":\"ListItem\",\"position\":1,\"name\":\"Accueil\",\"item\":\"https:\\\/\\\/medrassadudesert.org\\\/\"},{\"@type\":\"ListItem\",\"position\":2,\"name\":\"Nous (re)joindre\"}]},{\"@type\":\"WebSite\",\"@id\":\"https:\\\/\\\/medrassadudesert.org\\\/#website\",\"url\":\"https:\\\/\\\/medrassadudesert.org\\\/\",\"name\":\"ONG MEDRASSA DU DESERT\",\"description\":\"Am\u00e9liorer la scolarit\u00e9 &amp; la sant\u00e9 des enfants du d\u00e9sert mauritanien\",\"potentialAction\":[{\"@type\":\"SearchAction\",\"target\":{\"@type\":\"EntryPoint\",\"urlTemplate\":\"https:\\\/\\\/medrassadudesert.org\\\/?s={search_term_string}\"},\"query-input\":{\"@type\":\"PropertyValueSpecification\",\"valueRequired\":true,\"valueName\":\"search_term_string\"}}],\"inLanguage\":\"fr-FR\"}]}<\/script>\n<!-- \/ Yoast SEO plugin. -->","yoast_head_json":{"title":"Nous (re)joindre - ONG MEDRASSA DU DESERT","robots":{"index":"index","follow":"follow","max-snippet":"max-snippet:-1","max-image-preview":"max-image-preview:large","max-video-preview":"max-video-preview:-1"},"canonical":"https:\/\/medrassadudesert.org\/index.php\/nous-rejoindre\/","og_locale":"fr_FR","og_type":"article","og_title":"Nous (re)joindre - ONG MEDRASSA DU DESERT","og_description":"Contact\u00a0 \u00a0 \u00a0 \u00a0 \u00a0 \u00a0 \u00a0\u00a0\u00a0Adh\u00e9sion \/ Dons\u00a0 \u00a0 \u00a0 \u00a0\u00a0 \u00a0\u00a0 \u00a0\u00a0 \u00a0\u00a0 \u00a0\u00a0 Media\u00a0\u00a0 \u00a0 \u00a0 \u00a0 \u00a0 \u00a0 \u00a0 \u00a0 \u00a0 \u00a0 \u00a0 \u00a0 \u00a0Produits \u00e0 la Vente Comme pour toute organisation, l\u2019argent est indispensable \u00e0 notre activit\u00e9. Notre association n\u2019y fait pas exception. Les programmes, projets et actions sont vot\u00e9s [&hellip;]","og_url":"https:\/\/medrassadudesert.org\/index.php\/nous-rejoindre\/","og_site_name":"ONG MEDRASSA DU DESERT","article_publisher":"https:\/\/fr-fr.facebook.com\/ONGMDD\/","article_modified_time":"2022-08-16T13:34:49+00:00","twitter_card":"summary_large_image","twitter_misc":{"Dur\u00e9e de lecture estim\u00e9e":"1 minute"},"schema":{"@context":"https:\/\/schema.org","@graph":[{"@type":"WebPage","@id":"https:\/\/medrassadudesert.org\/index.php\/nous-rejoindre\/","url":"https:\/\/medrassadudesert.org\/index.php\/nous-rejoindre\/","name":"Nous (re)joindre - ONG MEDRASSA DU DESERT","isPartOf":{"@id":"https:\/\/medrassadudesert.org\/#website"},"datePublished":"2020-11-14T08:40:43+00:00","dateModified":"2022-08-16T13:34:49+00:00","breadcrumb":{"@id":"https:\/\/medrassadudesert.org\/index.php\/nous-rejoindre\/#breadcrumb"},"inLanguage":"fr-FR","potentialAction":[{"@type":"ReadAction","target":["https:\/\/medrassadudesert.org\/index.php\/nous-rejoindre\/"]}]},{"@type":"BreadcrumbList","@id":"https:\/\/medrassadudesert.org\/index.php\/nous-rejoindre\/#breadcrumb","itemListElement":[{"@type":"ListItem","position":1,"name":"Accueil","item":"https:\/\/medrassadudesert.org\/"},{"@type":"ListItem","position":2,"name":"Nous (re)joindre"}]},{"@type":"WebSite","@id":"https:\/\/medrassadudesert.org\/#website","url":"https:\/\/medrassadudesert.org\/","name":"ONG MEDRASSA DU DESERT","description":"Am\u00e9liorer la scolarit\u00e9 &amp; la sant\u00e9 des enfants du d\u00e9sert mauritanien","potentialAction":[{"@type":"SearchAction","target":{"@type":"EntryPoint","urlTemplate":"https:\/\/medrassadudesert.org\/?s={search_term_string}"},"query-input":{"@type":"PropertyValueSpecification","valueRequired":true,"valueName":"search_term_string"}}],"inLanguage":"fr-FR"}]}},"_links":{"self":[{"href":"https:\/\/medrassadudesert.org\/index.php\/wp-json\/wp\/v2\/pages\/3828","targetHints":{"allow":["GET"]}}],"collection":[{"href":"https:\/\/medrassadudesert.org\/index.php\/wp-json\/wp\/v2\/pages"}],"about":[{"href":"https:\/\/medrassadudesert.org\/index.php\/wp-json\/wp\/v2\/types\/page"}],"author":[{"embeddable":true,"href":"https:\/\/medrassadudesert.org\/index.php\/wp-json\/wp\/v2\/users\/2"}],"replies":[{"embeddable":true,"href":"https:\/\/medrassadudesert.org\/index.php\/wp-json\/wp\/v2\/comments?post=3828"}],"version-history":[{"count":13,"href":"https:\/\/medrassadudesert.org\/index.php\/wp-json\/wp\/v2\/pages\/3828\/revisions"}],"predecessor-version":[{"id":4287,"href":"https:\/\/medrassadudesert.org\/index.php\/wp-json\/wp\/v2\/pages\/3828\/revisions\/4287"}],"wp:attachment":[{"href":"https:\/\/medrassadudesert.org\/index.php\/wp-json\/wp\/v2\/media?parent=3828"}],"curies":[{"name":"wp","href":"https:\/\/api.w.org\/{rel}","templated":true}]}}