{"id":3846,"date":"2020-11-14T09:45:29","date_gmt":"2020-11-14T08:45:29","guid":{"rendered":"http:\/\/medrassadudesert.org\/?page_id=3846"},"modified":"2022-08-16T14:34:27","modified_gmt":"2022-08-16T12:34:27","slug":"le-bureau","status":"publish","type":"page","link":"https:\/\/medrassadudesert.org\/index.php\/le-bureau\/","title":{"rendered":"Administration"},"content":{"rendered":"<p>Le Conseil d&rsquo;Administration est compos\u00e9 de 6 membres \u00e9lus en Assembl\u00e9e G\u00e9n\u00e9rale.<\/p>\n<p>Ils \u00e9lisent en leur sein les membres du bureau.<\/p>\n<div id='gallery-1' class='gallery galleryid-3846 gallery-columns-3 gallery-size-thumbnail'><figure class='gallery-item'>\n\t\t\t<div class='gallery-icon portrait'>\n\t\t\t\t<a href='https:\/\/medrassadudesert.org\/?attachment_id=3588'><img loading=\"lazy\" decoding=\"async\" width=\"150\" height=\"150\" src=\"https:\/\/medrassadudesert.org\/wp-content\/uploads\/2019\/08\/Portrait_Phil_cheche1-150x150.jpg\" class=\"attachment-thumbnail size-thumbnail\" alt=\"\" aria-describedby=\"gallery-1-3588\" srcset=\"https:\/\/medrassadudesert.org\/wp-content\/uploads\/2019\/08\/Portrait_Phil_cheche1-150x150.jpg 150w, https:\/\/medrassadudesert.org\/wp-content\/uploads\/2019\/08\/Portrait_Phil_cheche1-365x365.jpg 365w, https:\/\/medrassadudesert.org\/wp-content\/uploads\/2019\/08\/Portrait_Phil_cheche1-500x500.jpg 500w\" sizes=\"auto, (max-width: 150px) 100vw, 150px\" \/><\/a>\n\t\t\t<\/div>\n\t\t\t\t<figcaption class='wp-caption-text gallery-caption' id='gallery-1-3588'>\n\t\t\t\tPhilippe MARCEL &#8211; Pr\u00e9sident\n\t\t\t\t<\/figcaption><\/figure><figure class='gallery-item'>\n\t\t\t<div class='gallery-icon landscape'>\n\t\t\t\t<a href='https:\/\/medrassadudesert.org\/?attachment_id=3589'><img loading=\"lazy\" decoding=\"async\" width=\"150\" height=\"150\" src=\"https:\/\/medrassadudesert.org\/wp-content\/uploads\/2019\/08\/2012-07-10_11.37.361-150x150.jpg\" class=\"attachment-thumbnail size-thumbnail\" alt=\"\" aria-describedby=\"gallery-1-3589\" srcset=\"https:\/\/medrassadudesert.org\/wp-content\/uploads\/2019\/08\/2012-07-10_11.37.361-150x150.jpg 150w, https:\/\/medrassadudesert.org\/wp-content\/uploads\/2019\/08\/2012-07-10_11.37.361-365x365.jpg 365w, https:\/\/medrassadudesert.org\/wp-content\/uploads\/2019\/08\/2012-07-10_11.37.361-500x500.jpg 500w\" sizes=\"auto, (max-width: 150px) 100vw, 150px\" \/><\/a>\n\t\t\t<\/div>\n\t\t\t\t<figcaption class='wp-caption-text gallery-caption' id='gallery-1-3589'>\n\t\t\t\tCatherine RAIN &#8211; secr\u00e9taire\n\t\t\t\t<\/figcaption><\/figure><figure class='gallery-item'>\n\t\t\t<div class='gallery-icon portrait'>\n\t\t\t\t<a href='https:\/\/medrassadudesert.org\/?attachment_id=3636'><img loading=\"lazy\" decoding=\"async\" width=\"150\" height=\"150\" src=\"https:\/\/medrassadudesert.org\/wp-content\/uploads\/2019\/09\/Yvette-portrait-150x150.jpg\" class=\"attachment-thumbnail size-thumbnail\" alt=\"\" aria-describedby=\"gallery-1-3636\" srcset=\"https:\/\/medrassadudesert.org\/wp-content\/uploads\/2019\/09\/Yvette-portrait-150x150.jpg 150w, https:\/\/medrassadudesert.org\/wp-content\/uploads\/2019\/09\/Yvette-portrait-365x365.jpg 365w, https:\/\/medrassadudesert.org\/wp-content\/uploads\/2019\/09\/Yvette-portrait-500x500.jpg 500w\" sizes=\"auto, (max-width: 150px) 100vw, 150px\" \/><\/a>\n\t\t\t<\/div>\n\t\t\t\t<figcaption class='wp-caption-text gallery-caption' id='gallery-1-3636'>\n\t\t\t\t Yvette GOUJON &#8211; TRESORIERE\n\t\t\t\t<\/figcaption><\/figure><figure class='gallery-item'>\n\t\t\t<div class='gallery-icon portrait'>\n\t\t\t\t<a href='https:\/\/medrassadudesert.org\/?attachment_id=3580'><img loading=\"lazy\" decoding=\"async\" width=\"150\" height=\"150\" src=\"https:\/\/medrassadudesert.org\/wp-content\/uploads\/2019\/08\/Photo-V\u00e9ro-03-150x150.jpg\" class=\"attachment-thumbnail size-thumbnail\" alt=\"\" aria-describedby=\"gallery-1-3580\" srcset=\"https:\/\/medrassadudesert.org\/wp-content\/uploads\/2019\/08\/Photo-V\u00e9ro-03-150x150.jpg 150w, https:\/\/medrassadudesert.org\/wp-content\/uploads\/2019\/08\/Photo-V\u00e9ro-03-365x365.jpg 365w, https:\/\/medrassadudesert.org\/wp-content\/uploads\/2019\/08\/Photo-V\u00e9ro-03-500x500.jpg 500w\" sizes=\"auto, (max-width: 150px) 100vw, 150px\" \/><\/a>\n\t\t\t<\/div>\n\t\t\t\t<figcaption class='wp-caption-text gallery-caption' id='gallery-1-3580'>\n\t\t\t\tV\u00e9ronique GELIS -Administratrice\n\t\t\t\t<\/figcaption><\/figure><figure class='gallery-item'>\n\t\t\t<div class='gallery-icon portrait'>\n\t\t\t\t<a href='https:\/\/medrassadudesert.org\/index.php\/le-bureau\/20181118_082916\/'><img loading=\"lazy\" decoding=\"async\" width=\"150\" height=\"150\" src=\"https:\/\/medrassadudesert.org\/wp-content\/uploads\/2018\/11\/20181118_082916-150x150.jpg\" class=\"attachment-thumbnail size-thumbnail\" alt=\"\" aria-describedby=\"gallery-1-380\" \/><\/a>\n\t\t\t<\/div>\n\t\t\t\t<figcaption class='wp-caption-text gallery-caption' id='gallery-1-380'>\n\t\t\t\tPatrick COSPEREC &#8211; ADMINISTRATEUR\n\t\t\t\t<\/figcaption><\/figure><figure class='gallery-item'>\n\t\t\t<div class='gallery-icon portrait'>\n\t\t\t\t<a href='https:\/\/medrassadudesert.org\/index.php\/le-bureau\/portrait-maloum\/'><img loading=\"lazy\" decoding=\"async\" width=\"150\" height=\"150\" src=\"https:\/\/medrassadudesert.org\/wp-content\/uploads\/2022\/08\/Portrait-MALOUM-150x150.jpg\" class=\"attachment-thumbnail size-thumbnail\" alt=\"\" aria-describedby=\"gallery-1-4237\" srcset=\"https:\/\/medrassadudesert.org\/wp-content\/uploads\/2022\/08\/Portrait-MALOUM-150x150.jpg 150w, https:\/\/medrassadudesert.org\/wp-content\/uploads\/2022\/08\/Portrait-MALOUM-365x365.jpg 365w, https:\/\/medrassadudesert.org\/wp-content\/uploads\/2022\/08\/Portrait-MALOUM-500x500.jpg 500w\" sizes=\"auto, (max-width: 150px) 100vw, 150px\" \/><\/a>\n\t\t\t<\/div>\n\t\t\t\t<figcaption class='wp-caption-text gallery-caption' id='gallery-1-4237'>\n\t\t\t\tMaaloum H&rsquo;ME\u00cfDA -D\u00e9l\u00e9gu\u00e9 de l&rsquo;ADRAR et de l&rsquo;INCHIRI\n\t\t\t\t<\/figcaption><\/figure>\n\t\t<\/div>\n\n","protected":false},"excerpt":{"rendered":"<p>Le Conseil d&rsquo;Administration est compos\u00e9 de 6 membres \u00e9lus en Assembl\u00e9e G\u00e9n\u00e9rale. Ils \u00e9lisent en leur sein les membres du bureau.<\/p>\n","protected":false},"author":2,"featured_media":0,"parent":0,"menu_order":0,"comment_status":"closed","ping_status":"closed","template":"","meta":{"_monsterinsights_skip_tracking":false,"_monsterinsights_sitenote_active":false,"_monsterinsights_sitenote_note":"","_monsterinsights_sitenote_category":0,"footnotes":""},"class_list":["post-3846","page","type-page","status-publish","hentry"],"yoast_head":"<!-- This site is optimized with the Yoast SEO plugin v27.4 - https:\/\/yoast.com\/product\/yoast-seo-wordpress\/ -->\n<title>Administration - ONG MEDRASSA DU DESERT<\/title>\n<meta name=\"robots\" content=\"index, follow, max-snippet:-1, max-image-preview:large, max-video-preview:-1\" \/>\n<link rel=\"canonical\" href=\"https:\/\/medrassadudesert.org\/index.php\/le-bureau\/\" \/>\n<meta property=\"og:locale\" content=\"fr_FR\" \/>\n<meta property=\"og:type\" content=\"article\" \/>\n<meta property=\"og:title\" content=\"Administration - ONG MEDRASSA DU DESERT\" \/>\n<meta property=\"og:description\" content=\"Le Conseil d&rsquo;Administration est compos\u00e9 de 6 membres \u00e9lus en Assembl\u00e9e G\u00e9n\u00e9rale. Ils \u00e9lisent en leur sein les membres du bureau.\" \/>\n<meta property=\"og:url\" content=\"https:\/\/medrassadudesert.org\/index.php\/le-bureau\/\" \/>\n<meta property=\"og:site_name\" content=\"ONG MEDRASSA DU DESERT\" \/>\n<meta property=\"article:publisher\" content=\"https:\/\/fr-fr.facebook.com\/ONGMDD\/\" \/>\n<meta property=\"article:modified_time\" content=\"2022-08-16T12:34:27+00:00\" \/>\n<meta property=\"og:image\" content=\"https:\/\/medrassadudesert.org\/wp-content\/uploads\/2019\/08\/Portrait_Phil_cheche1-150x150.jpg\" \/>\n<meta name=\"twitter:card\" content=\"summary_large_image\" \/>\n<meta name=\"twitter:label1\" content=\"Dur\u00e9e de lecture estim\u00e9e\" \/>\n\t<meta name=\"twitter:data1\" content=\"1 minute\" \/>\n<script type=\"application\/ld+json\" class=\"yoast-schema-graph\">{\"@context\":\"https:\\\/\\\/schema.org\",\"@graph\":[{\"@type\":\"WebPage\",\"@id\":\"https:\\\/\\\/medrassadudesert.org\\\/index.php\\\/le-bureau\\\/\",\"url\":\"https:\\\/\\\/medrassadudesert.org\\\/index.php\\\/le-bureau\\\/\",\"name\":\"Administration - ONG MEDRASSA DU DESERT\",\"isPartOf\":{\"@id\":\"https:\\\/\\\/medrassadudesert.org\\\/#website\"},\"datePublished\":\"2020-11-14T08:45:29+00:00\",\"dateModified\":\"2022-08-16T12:34:27+00:00\",\"breadcrumb\":{\"@id\":\"https:\\\/\\\/medrassadudesert.org\\\/index.php\\\/le-bureau\\\/#breadcrumb\"},\"inLanguage\":\"fr-FR\",\"potentialAction\":[{\"@type\":\"ReadAction\",\"target\":[\"https:\\\/\\\/medrassadudesert.org\\\/index.php\\\/le-bureau\\\/\"]}]},{\"@type\":\"BreadcrumbList\",\"@id\":\"https:\\\/\\\/medrassadudesert.org\\\/index.php\\\/le-bureau\\\/#breadcrumb\",\"itemListElement\":[{\"@type\":\"ListItem\",\"position\":1,\"name\":\"Accueil\",\"item\":\"https:\\\/\\\/medrassadudesert.org\\\/\"},{\"@type\":\"ListItem\",\"position\":2,\"name\":\"Administration\"}]},{\"@type\":\"WebSite\",\"@id\":\"https:\\\/\\\/medrassadudesert.org\\\/#website\",\"url\":\"https:\\\/\\\/medrassadudesert.org\\\/\",\"name\":\"ONG MEDRASSA DU DESERT\",\"description\":\"Am\u00e9liorer la scolarit\u00e9 &amp; la sant\u00e9 des enfants du d\u00e9sert mauritanien\",\"potentialAction\":[{\"@type\":\"SearchAction\",\"target\":{\"@type\":\"EntryPoint\",\"urlTemplate\":\"https:\\\/\\\/medrassadudesert.org\\\/?s={search_term_string}\"},\"query-input\":{\"@type\":\"PropertyValueSpecification\",\"valueRequired\":true,\"valueName\":\"search_term_string\"}}],\"inLanguage\":\"fr-FR\"}]}<\/script>\n<!-- \/ Yoast SEO plugin. -->","yoast_head_json":{"title":"Administration - ONG MEDRASSA DU DESERT","robots":{"index":"index","follow":"follow","max-snippet":"max-snippet:-1","max-image-preview":"max-image-preview:large","max-video-preview":"max-video-preview:-1"},"canonical":"https:\/\/medrassadudesert.org\/index.php\/le-bureau\/","og_locale":"fr_FR","og_type":"article","og_title":"Administration - ONG MEDRASSA DU DESERT","og_description":"Le Conseil d&rsquo;Administration est compos\u00e9 de 6 membres \u00e9lus en Assembl\u00e9e G\u00e9n\u00e9rale. Ils \u00e9lisent en leur sein les membres du bureau.","og_url":"https:\/\/medrassadudesert.org\/index.php\/le-bureau\/","og_site_name":"ONG MEDRASSA DU DESERT","article_publisher":"https:\/\/fr-fr.facebook.com\/ONGMDD\/","article_modified_time":"2022-08-16T12:34:27+00:00","og_image":[{"url":"https:\/\/medrassadudesert.org\/wp-content\/uploads\/2019\/08\/Portrait_Phil_cheche1-150x150.jpg","type":"","width":"","height":""}],"twitter_card":"summary_large_image","twitter_misc":{"Dur\u00e9e de lecture estim\u00e9e":"1 minute"},"schema":{"@context":"https:\/\/schema.org","@graph":[{"@type":"WebPage","@id":"https:\/\/medrassadudesert.org\/index.php\/le-bureau\/","url":"https:\/\/medrassadudesert.org\/index.php\/le-bureau\/","name":"Administration - ONG MEDRASSA DU DESERT","isPartOf":{"@id":"https:\/\/medrassadudesert.org\/#website"},"datePublished":"2020-11-14T08:45:29+00:00","dateModified":"2022-08-16T12:34:27+00:00","breadcrumb":{"@id":"https:\/\/medrassadudesert.org\/index.php\/le-bureau\/#breadcrumb"},"inLanguage":"fr-FR","potentialAction":[{"@type":"ReadAction","target":["https:\/\/medrassadudesert.org\/index.php\/le-bureau\/"]}]},{"@type":"BreadcrumbList","@id":"https:\/\/medrassadudesert.org\/index.php\/le-bureau\/#breadcrumb","itemListElement":[{"@type":"ListItem","position":1,"name":"Accueil","item":"https:\/\/medrassadudesert.org\/"},{"@type":"ListItem","position":2,"name":"Administration"}]},{"@type":"WebSite","@id":"https:\/\/medrassadudesert.org\/#website","url":"https:\/\/medrassadudesert.org\/","name":"ONG MEDRASSA DU DESERT","description":"Am\u00e9liorer la scolarit\u00e9 &amp; la sant\u00e9 des enfants du d\u00e9sert mauritanien","potentialAction":[{"@type":"SearchAction","target":{"@type":"EntryPoint","urlTemplate":"https:\/\/medrassadudesert.org\/?s={search_term_string}"},"query-input":{"@type":"PropertyValueSpecification","valueRequired":true,"valueName":"search_term_string"}}],"inLanguage":"fr-FR"}]}},"_links":{"self":[{"href":"https:\/\/medrassadudesert.org\/index.php\/wp-json\/wp\/v2\/pages\/3846","targetHints":{"allow":["GET"]}}],"collection":[{"href":"https:\/\/medrassadudesert.org\/index.php\/wp-json\/wp\/v2\/pages"}],"about":[{"href":"https:\/\/medrassadudesert.org\/index.php\/wp-json\/wp\/v2\/types\/page"}],"author":[{"embeddable":true,"href":"https:\/\/medrassadudesert.org\/index.php\/wp-json\/wp\/v2\/users\/2"}],"replies":[{"embeddable":true,"href":"https:\/\/medrassadudesert.org\/index.php\/wp-json\/wp\/v2\/comments?post=3846"}],"version-history":[{"count":7,"href":"https:\/\/medrassadudesert.org\/index.php\/wp-json\/wp\/v2\/pages\/3846\/revisions"}],"predecessor-version":[{"id":4240,"href":"https:\/\/medrassadudesert.org\/index.php\/wp-json\/wp\/v2\/pages\/3846\/revisions\/4240"}],"wp:attachment":[{"href":"https:\/\/medrassadudesert.org\/index.php\/wp-json\/wp\/v2\/media?parent=3846"}],"curies":[{"name":"wp","href":"https:\/\/api.w.org\/{rel}","templated":true}]}}