{"id":5089,"date":"2022-08-18T14:42:05","date_gmt":"2022-08-18T12:42:05","guid":{"rendered":"http:\/\/medrassadudesert.org\/?page_id=5089"},"modified":"2022-08-18T15:01:20","modified_gmt":"2022-08-18T13:01:20","slug":"accueil-2","status":"publish","type":"page","link":"https:\/\/medrassadudesert.org\/","title":{"rendered":"Bienvenue"},"content":{"rendered":"<h3 style=\"text-align: center;\"><strong><em><span style=\"color: #0000ff;\">L&rsquo;ONG\u00a0 MEDRASSA DU DESERT\u00a0<\/span><\/em><\/strong><\/h3>\n<h3 style=\"text-align: center;\"><strong><em><span style=\"color: #0000ff;\">est heureuse de vous recevoir.<\/span><\/em><\/strong><\/h3>\n<p style=\"text-align: center;\"><span style=\"color: #0000ff;\"><strong><em>Medrassa, c\u2019est d\u2019abord une extraordinaire aventure humaine,<\/em><\/strong><\/span><\/p>\n<p style=\"text-align: center;\"><span style=\"color: #0000ff;\"><strong><em>dans chaque village, avec chaque famille d\u2019accueil<\/em><\/strong><\/span><\/p>\n<p style=\"text-align: center;\"><span style=\"color: #0000ff;\"><strong><em>C\u2019est une somme indescriptible d\u2019\u00e9motions avec les enfants, les familles.<\/em><\/strong><\/span><\/p>\n<p style=\"text-align: center;\"><span style=\"color: #0000ff;\"><strong><em>Medrassa c\u2019est aussi, la d\u00e9couverte d\u2019une autre vie, simple, sans toutes les fioritures et superficialit\u00e9s de notre monde.<\/em><\/strong><\/span><\/p>\n<p style=\"text-align: center;\"><span style=\"color: #0000ff;\"><strong><em>Medrassa c\u2019est tout autant distribuer des stylos, que construire une \u00e9cole ou un poste de sant\u00e9, r\u00e9parer une porte, distribuer des fruits aux enfants, faire des pansements ou apporter des m\u00e9dicaments aux dispensaires. C\u2019est parfois franchir les obstacles de la piste le plus vite possible pour amener \u00e0 l\u2019h\u00f4pital une femme, un enfant, une personne \u00e2g\u00e9e dont la vie est en danger.<\/em><\/strong><\/span><\/p>\n<p style=\"text-align: center;\"><span style=\"color: #0000ff;\"><strong><em>Nous esp\u00e9rons vous faire partager cette exp\u00e9rience et vous accueillir parmi les membres de notre association. <\/em><\/strong><\/span><\/p>\n<p style=\"text-align: center;\"><span style=\"color: #0000ff;\"><strong><em>Bienvenue et bonne promenade (virtuelle) dans le d\u00e9sert mauritanien.<\/em><\/strong><\/span><\/p>\n<p style=\"text-align: right;\"><span style=\"color: #0000ff;\"><strong><em>Philippe<\/em><\/strong><\/span><\/p>\n","protected":false},"excerpt":{"rendered":"<p>L&rsquo;ONG\u00a0 MEDRASSA DU DESERT\u00a0 est heureuse de vous recevoir. Medrassa, c\u2019est d\u2019abord une extraordinaire aventure humaine, dans chaque village, avec chaque famille d\u2019accueil C\u2019est une somme indescriptible d\u2019\u00e9motions avec les enfants, les familles. Medrassa c\u2019est aussi, la d\u00e9couverte d\u2019une autre vie, simple, sans toutes les fioritures et superficialit\u00e9s de notre monde. Medrassa c\u2019est tout autant [&hellip;]<\/p>\n","protected":false},"author":2,"featured_media":0,"parent":0,"menu_order":0,"comment_status":"closed","ping_status":"closed","template":"","meta":{"_monsterinsights_skip_tracking":false,"_monsterinsights_sitenote_active":false,"_monsterinsights_sitenote_note":"","_monsterinsights_sitenote_category":0,"footnotes":""},"class_list":["post-5089","page","type-page","status-publish","hentry"],"yoast_head":"<!-- This site is optimized with the Yoast SEO plugin v27.3 - https:\/\/yoast.com\/product\/yoast-seo-wordpress\/ -->\n<title>Bienvenue - ONG MEDRASSA DU DESERT<\/title>\n<meta name=\"robots\" content=\"index, follow, max-snippet:-1, max-image-preview:large, max-video-preview:-1\" \/>\n<link rel=\"canonical\" href=\"https:\/\/medrassadudesert.org\/\" \/>\n<meta property=\"og:locale\" content=\"fr_FR\" \/>\n<meta property=\"og:type\" content=\"article\" \/>\n<meta property=\"og:title\" content=\"Bienvenue - ONG MEDRASSA DU DESERT\" \/>\n<meta property=\"og:description\" content=\"L&rsquo;ONG\u00a0 MEDRASSA DU DESERT\u00a0 est heureuse de vous recevoir. Medrassa, c\u2019est d\u2019abord une extraordinaire aventure humaine, dans chaque village, avec chaque famille d\u2019accueil C\u2019est une somme indescriptible d\u2019\u00e9motions avec les enfants, les familles. Medrassa c\u2019est aussi, la d\u00e9couverte d\u2019une autre vie, simple, sans toutes les fioritures et superficialit\u00e9s de notre monde. Medrassa c\u2019est tout autant [&hellip;]\" \/>\n<meta property=\"og:url\" content=\"https:\/\/medrassadudesert.org\/\" \/>\n<meta property=\"og:site_name\" content=\"ONG MEDRASSA DU DESERT\" \/>\n<meta property=\"article:publisher\" content=\"https:\/\/fr-fr.facebook.com\/ONGMDD\/\" \/>\n<meta property=\"article:modified_time\" content=\"2022-08-18T13:01:20+00:00\" \/>\n<meta name=\"twitter:card\" content=\"summary_large_image\" \/>\n<meta name=\"twitter:label1\" content=\"Dur\u00e9e de lecture estim\u00e9e\" \/>\n\t<meta name=\"twitter:data1\" content=\"1 minute\" \/>\n<script type=\"application\/ld+json\" class=\"yoast-schema-graph\">{\"@context\":\"https:\\\/\\\/schema.org\",\"@graph\":[{\"@type\":\"WebPage\",\"@id\":\"https:\\\/\\\/medrassadudesert.org\\\/\",\"url\":\"https:\\\/\\\/medrassadudesert.org\\\/\",\"name\":\"Bienvenue - ONG MEDRASSA DU DESERT\",\"isPartOf\":{\"@id\":\"https:\\\/\\\/medrassadudesert.org\\\/#website\"},\"datePublished\":\"2022-08-18T12:42:05+00:00\",\"dateModified\":\"2022-08-18T13:01:20+00:00\",\"breadcrumb\":{\"@id\":\"https:\\\/\\\/medrassadudesert.org\\\/#breadcrumb\"},\"inLanguage\":\"fr-FR\",\"potentialAction\":[{\"@type\":\"ReadAction\",\"target\":[\"https:\\\/\\\/medrassadudesert.org\\\/\"]}]},{\"@type\":\"BreadcrumbList\",\"@id\":\"https:\\\/\\\/medrassadudesert.org\\\/#breadcrumb\",\"itemListElement\":[{\"@type\":\"ListItem\",\"position\":1,\"name\":\"Accueil\",\"item\":\"https:\\\/\\\/medrassadudesert.org\\\/\"},{\"@type\":\"ListItem\",\"position\":2,\"name\":\"Bienvenue\"}]},{\"@type\":\"WebSite\",\"@id\":\"https:\\\/\\\/medrassadudesert.org\\\/#website\",\"url\":\"https:\\\/\\\/medrassadudesert.org\\\/\",\"name\":\"ONG MEDRASSA DU DESERT\",\"description\":\"Am\u00e9liorer la scolarit\u00e9 &amp; la sant\u00e9 des enfants du d\u00e9sert mauritanien\",\"potentialAction\":[{\"@type\":\"SearchAction\",\"target\":{\"@type\":\"EntryPoint\",\"urlTemplate\":\"https:\\\/\\\/medrassadudesert.org\\\/?s={search_term_string}\"},\"query-input\":{\"@type\":\"PropertyValueSpecification\",\"valueRequired\":true,\"valueName\":\"search_term_string\"}}],\"inLanguage\":\"fr-FR\"}]}<\/script>\n<!-- \/ Yoast SEO plugin. -->","yoast_head_json":{"title":"Bienvenue - ONG MEDRASSA DU DESERT","robots":{"index":"index","follow":"follow","max-snippet":"max-snippet:-1","max-image-preview":"max-image-preview:large","max-video-preview":"max-video-preview:-1"},"canonical":"https:\/\/medrassadudesert.org\/","og_locale":"fr_FR","og_type":"article","og_title":"Bienvenue - ONG MEDRASSA DU DESERT","og_description":"L&rsquo;ONG\u00a0 MEDRASSA DU DESERT\u00a0 est heureuse de vous recevoir. Medrassa, c\u2019est d\u2019abord une extraordinaire aventure humaine, dans chaque village, avec chaque famille d\u2019accueil C\u2019est une somme indescriptible d\u2019\u00e9motions avec les enfants, les familles. Medrassa c\u2019est aussi, la d\u00e9couverte d\u2019une autre vie, simple, sans toutes les fioritures et superficialit\u00e9s de notre monde. Medrassa c\u2019est tout autant [&hellip;]","og_url":"https:\/\/medrassadudesert.org\/","og_site_name":"ONG MEDRASSA DU DESERT","article_publisher":"https:\/\/fr-fr.facebook.com\/ONGMDD\/","article_modified_time":"2022-08-18T13:01:20+00:00","twitter_card":"summary_large_image","twitter_misc":{"Dur\u00e9e de lecture estim\u00e9e":"1 minute"},"schema":{"@context":"https:\/\/schema.org","@graph":[{"@type":"WebPage","@id":"https:\/\/medrassadudesert.org\/","url":"https:\/\/medrassadudesert.org\/","name":"Bienvenue - ONG MEDRASSA DU DESERT","isPartOf":{"@id":"https:\/\/medrassadudesert.org\/#website"},"datePublished":"2022-08-18T12:42:05+00:00","dateModified":"2022-08-18T13:01:20+00:00","breadcrumb":{"@id":"https:\/\/medrassadudesert.org\/#breadcrumb"},"inLanguage":"fr-FR","potentialAction":[{"@type":"ReadAction","target":["https:\/\/medrassadudesert.org\/"]}]},{"@type":"BreadcrumbList","@id":"https:\/\/medrassadudesert.org\/#breadcrumb","itemListElement":[{"@type":"ListItem","position":1,"name":"Accueil","item":"https:\/\/medrassadudesert.org\/"},{"@type":"ListItem","position":2,"name":"Bienvenue"}]},{"@type":"WebSite","@id":"https:\/\/medrassadudesert.org\/#website","url":"https:\/\/medrassadudesert.org\/","name":"ONG MEDRASSA DU DESERT","description":"Am\u00e9liorer la scolarit\u00e9 &amp; la sant\u00e9 des enfants du d\u00e9sert mauritanien","potentialAction":[{"@type":"SearchAction","target":{"@type":"EntryPoint","urlTemplate":"https:\/\/medrassadudesert.org\/?s={search_term_string}"},"query-input":{"@type":"PropertyValueSpecification","valueRequired":true,"valueName":"search_term_string"}}],"inLanguage":"fr-FR"}]}},"_links":{"self":[{"href":"https:\/\/medrassadudesert.org\/index.php\/wp-json\/wp\/v2\/pages\/5089","targetHints":{"allow":["GET"]}}],"collection":[{"href":"https:\/\/medrassadudesert.org\/index.php\/wp-json\/wp\/v2\/pages"}],"about":[{"href":"https:\/\/medrassadudesert.org\/index.php\/wp-json\/wp\/v2\/types\/page"}],"author":[{"embeddable":true,"href":"https:\/\/medrassadudesert.org\/index.php\/wp-json\/wp\/v2\/users\/2"}],"replies":[{"embeddable":true,"href":"https:\/\/medrassadudesert.org\/index.php\/wp-json\/wp\/v2\/comments?post=5089"}],"version-history":[{"count":3,"href":"https:\/\/medrassadudesert.org\/index.php\/wp-json\/wp\/v2\/pages\/5089\/revisions"}],"predecessor-version":[{"id":5102,"href":"https:\/\/medrassadudesert.org\/index.php\/wp-json\/wp\/v2\/pages\/5089\/revisions\/5102"}],"wp:attachment":[{"href":"https:\/\/medrassadudesert.org\/index.php\/wp-json\/wp\/v2\/media?parent=5089"}],"curies":[{"name":"wp","href":"https:\/\/api.w.org\/{rel}","templated":true}]}}