{"id":5202,"date":"2024-08-06T10:23:57","date_gmt":"2024-08-06T08:23:57","guid":{"rendered":"https:\/\/medrassadudesert.org\/?page_id=5202"},"modified":"2024-08-06T10:23:57","modified_gmt":"2024-08-06T08:23:57","slug":"sur-le-terrain-2023","status":"publish","type":"page","link":"https:\/\/medrassadudesert.org\/index.php\/sur-le-terrain\/sur-le-terrain-2023\/","title":{"rendered":"Sur le terrain &#8211; 2023"},"content":{"rendered":"<p><span style=\"color: #993300;\"><strong><em>Objectifs\u00a0: reconstruction de l\u2019\u00e9cole de Seguelill, r\u00e9paration sur les classes de Jraif et pr\u00e9paration des projets futurs.<\/em><\/strong><\/span><\/p>\n<p><span style=\"color: #0000ff;\"><strong><em>SEGUELILL :<\/em><\/strong><\/span><\/p>\n<p>Rappel du contexte : Ce projet vot\u00e9 lors de l\u2019AG en F\u00e9vrier, consistait \u00e0 re-construire l\u2019\u00e9cole du village gravement d\u00e9t\u00e9rior\u00e9e par les intemp\u00e9ries en septembre puis d\u00e9cembre 2022.<\/p>\n<p>Pour la premi\u00e8re fois depuis 17 ans, les travaux se sont \u00e9tal\u00e9s entre mars et d\u00e9cembre sans attendre notre pr\u00e9sence sur place. Baha le chef du village, investi \u00e0 nos c\u00f4t\u00e9s depuis le d\u00e9but de notre aventure en Mauritanie a accept\u00e9 de prendre le chantier sous sa responsabilit\u00e9.<\/p>\n<p>Cette derni\u00e8re consistait \u00e0 faire respecter les consignes de construction que nous lui avions donn\u00e9e et \u00e0 financer le projet en amont, l\u2019ONG assurant un remboursement des fonds avanc\u00e9s par BAHA sous r\u00e9serve de respecter scrupuleusement les directives notamment en mati\u00e8re de r\u00e8gle de l\u2019art des constructions\u00a0: une avance en d\u00e9but d\u2019op\u00e9ration sur fond propre puis au fur et \u00e0 mesure de la disponibilit\u00e9 des fonds apr\u00e8s validation des dossiers d\u2019appel \u00e0 projets.<\/p>\n<p>Mais l\u2019inflation n\u2019existe pas que chez nous. Les mat\u00e9riaux ont subi de forte hausse (ciment, m\u00e9tal en particulier) mais aussi gas-oil. A budget constant cela r\u00e9duisait notre marge de man\u0153uvre<\/p>\n<p>De plus, deux demandes d\u2019accompagnement (Fondation Air France et Arpajon) n\u2019ont pas re\u00e7u de r\u00e9ponse favorable. A cela s\u2019ajoute une dotation inf\u00e9rieure \u00e0 la demande du conseil d\u00e9partemental.<\/p>\n<p>Le pr\u00eat de notre v\u00e9hicule en juillet-Ao\u00fbt\u00a0 pour acheminer des familles dans les oasis pour la guetna a permis des recettes substantielles qui ont compens\u00e9 une partie du manque \u00e0 gagner.<\/p>\n<p>Cons\u00e9quence directe, l\u2019installation photovolta\u00efque n\u2019est pas faite cette ann\u00e9e et les sanitaires sont r\u00e9alis\u00e9s \u00ab\u00a0\u00e0 la turc\u00a0\u00bb sans les finitions externe interne pour l\u2019instant<\/p>\n<p>Le r\u00e9sultat est au rendez-vous. L\u2019\u00e9cole est reconstruite et les deux classes sont bien refaite et isol\u00e9e de la chaleur.<\/p>\n<p>Ce projet co-financ\u00e9 principalement avec le Conseil D\u00e9partemental de l\u2019Essonne est termin\u00e9.<\/p>\n<p><span style=\"color: #0000ff;\"><strong><em>DEHELE\u00c4A :<\/em><\/strong><\/span><\/p>\n<p>Nous avons organis\u00e9 une r\u00e9union au village pour faire un point d\u2019avancement du projet d\u2019extension de l\u2019\u00e9cole et de r\u00e9habilitation du poste de sant\u00e9 (projet 2024). Le chef du village est tr\u00e8s impliqu\u00e9 et est un atout pour mobiliser les habitants en vue du chantier \u00e0 venir.<\/p>\n<p>La demande aupr\u00e8s de la Mairie a \u00e9t\u00e9 faite\u00a0, ainsi que celle aupr\u00e8s du directeur R\u00e9gional de l\u2019action sanitaire et sociale via le M\u00e9decin chef de la PMI d\u2019Atar qui donne les agr\u00e9ments pour l\u2019ouverture ou le fonctionnement des USB (Unit\u00e9 de Sant\u00e9 de Base).<\/p>\n<p><span style=\"color: #0000ff;\"><strong><em>AIN EHEL TAYAA :<\/em><\/strong><\/span><\/p>\n<p>En mai, lors d\u2019une visite au coll\u00e8ge, deux jeunes filles nous ont interrog\u00e9es sur ce que nous pouvons faire pour les femmes. A la sortie, elles nous ont amen\u00e9es sur le march\u00e9 rencontrer une aide-soignante et des femmes regroup\u00e9es en coop\u00e9ratives.<\/p>\n<p>L\u2019\u00e9change chaleureux a permis de savoir qu\u2019il y avait de gros probl\u00e8mes au dispensaires (sous responsabilit\u00e9 fonctionnelle de la Mairie), notamment l\u2019absence de climatiseur dans la salle d\u2019accouchement (le seul install\u00e9 tr\u00f4ne dans le bureau de l\u2019infirmier).<\/p>\n<p>La d\u00e9cision a \u00e9t\u00e9 prise de reporter les petits travaux sur notre local et d\u2019utiliser la dotation de Breuillet pour acheter un climatiseur et l\u2019installer.<\/p>\n<p>Apr\u00e8s avoir tir\u00e9 une ligne \u00e9lectrique en direct du compteur, le climatiseur\u00a0 a \u00e9t\u00e9 install\u00e9 8 jours plus tard. Nous en avons profit\u00e9 pour r\u00e9parer le mobilier notamment les tables d\u2019accouchement qui mena\u00e7aient de s\u2019\u00e9crouler simplement parce que l\u2019infirmier estime qu\u2019il n\u2019est pas technicien de maintenance.<\/p>\n<p>Nous avons transmis un compte rendu au Wali, au Hakem, au DRASS, au m\u00e9decin chef et au maire.<\/p>\n<p><span style=\"color: #0000ff;\"><strong><em>JRAIF\u00a0:<\/em><\/strong><\/span><\/p>\n<p>Ce village \u00e9loign\u00e9 a fait l\u2019objet d\u2019une r\u00e9novation de son b\u00e2timent le plus d\u00e9t\u00e9rior\u00e9 en 2022 lors de la mission d\u2019hiver. Notre action sur ce village s\u2019inscrit dans le temps et en fonction des \u00e9conomies d\u2019\u00e9chelle que nous r\u00e9alisons sur les projets majeurs.<\/p>\n<p>Cette ann\u00e9e, en mai, nous avons remplac\u00e9 les portes de deux classes et permis d\u2019apporter l\u2019eau \u00e0 l\u2019\u00e9cole en enfouissant 250 m\u00e8tres de tuyau depuis la citerne du forage.<\/p>\n<p>A partir du reliquat de mat\u00e9riel utilis\u00e9 en 2022 (bois), nous avons refait les si\u00e8ges et dossiers de 12 pupitres scolaires.<\/p>\n<p>Il n\u2019y a plus d\u2019enfants assis par terre dans cette \u00e9cole.<\/p>\n<p><span style=\"color: #0000ff;\"><strong><em>ATAR\u00a0:<\/em><\/strong><\/span><\/p>\n<p>L&rsquo;ONG a remis trois ordinateurs de bureau pour \u00e9quiper les services \u00ab\u00a0suret\u00e9 a\u00e9rienne\u00a0\u00bb, \u00ab\u00a0OPJ\u00a0\u00bb et \u00ab\u00a0p\u00f4le urbain\u00a0\u00bb<\/p>\n<p>La DRASS a re\u00e7ue deux PC portables et 2 de bureaux. La centrale des m\u00e9dicaments de l\u2019ADRAR, (CAMEC) a \u00e9t\u00e9 dot\u00e9e d\u2019un PC portable pour son responsable.<\/p>\n<p>Nous avons remis au directeur de la PMI\u00a0 d\u2019ATAR pr\u00e8s de deux M<sup>3<\/sup> de mat\u00e9riel m\u00e9dical et param\u00e9dical.<\/p>\n<p>Nous avons remis 2 PC de bureaux et une imprimante \u00e0 l\u2019Inspection d\u00e9partementale de l\u2019Education Nationale, ainsi que 8 PC portables \u00e0 des enseignants.<\/p>\n<p>Ces mat\u00e9riels ont pu \u00eatre distribu\u00e9s gr\u00e2ce aux dons de l\u2019ASP (Agence de Services et de Paiements).<\/p>\n<p><span style=\"color: #0000ff;\"><strong><em>YAGHLEF : <\/em><\/strong><\/span>nous avons apport\u00e9 50 Kg de sucre, 50 Kg de riz, 50 Kg de p\u00e2tes et environ deux cents paquets de th\u00e9 qui ont \u00e9t\u00e9 distribu\u00e9s aux familles d\u00e9munies d\u2019un hameau excentr\u00e9.<\/p>\n","protected":false},"excerpt":{"rendered":"<p>Objectifs\u00a0: reconstruction de l\u2019\u00e9cole de Seguelill, r\u00e9paration sur les classes de Jraif et pr\u00e9paration des projets futurs. SEGUELILL : Rappel du contexte : Ce projet vot\u00e9 lors de l\u2019AG en F\u00e9vrier, consistait \u00e0 re-construire l\u2019\u00e9cole du village gravement d\u00e9t\u00e9rior\u00e9e par les intemp\u00e9ries en septembre puis d\u00e9cembre 2022. Pour la premi\u00e8re fois depuis 17 ans, les [&hellip;]<\/p>\n","protected":false},"author":2,"featured_media":0,"parent":4002,"menu_order":0,"comment_status":"closed","ping_status":"closed","template":"","meta":{"_monsterinsights_skip_tracking":false,"_monsterinsights_sitenote_active":false,"_monsterinsights_sitenote_note":"","_monsterinsights_sitenote_category":0,"footnotes":""},"class_list":["post-5202","page","type-page","status-publish","hentry"],"yoast_head":"<!-- This site is optimized with the Yoast SEO plugin v27.4 - https:\/\/yoast.com\/product\/yoast-seo-wordpress\/ -->\n<title>Sur le terrain - 2023 - ONG MEDRASSA DU DESERT<\/title>\n<meta name=\"robots\" content=\"index, follow, max-snippet:-1, max-image-preview:large, max-video-preview:-1\" \/>\n<link rel=\"canonical\" href=\"https:\/\/medrassadudesert.org\/index.php\/sur-le-terrain\/sur-le-terrain-2023\/\" \/>\n<meta property=\"og:locale\" content=\"fr_FR\" \/>\n<meta property=\"og:type\" content=\"article\" \/>\n<meta property=\"og:title\" content=\"Sur le terrain - 2023 - ONG MEDRASSA DU DESERT\" \/>\n<meta property=\"og:description\" content=\"Objectifs\u00a0: reconstruction de l\u2019\u00e9cole de Seguelill, r\u00e9paration sur les classes de Jraif et pr\u00e9paration des projets futurs. SEGUELILL : Rappel du contexte : Ce projet vot\u00e9 lors de l\u2019AG en F\u00e9vrier, consistait \u00e0 re-construire l\u2019\u00e9cole du village gravement d\u00e9t\u00e9rior\u00e9e par les intemp\u00e9ries en septembre puis d\u00e9cembre 2022. Pour la premi\u00e8re fois depuis 17 ans, les [&hellip;]\" \/>\n<meta property=\"og:url\" content=\"https:\/\/medrassadudesert.org\/index.php\/sur-le-terrain\/sur-le-terrain-2023\/\" \/>\n<meta property=\"og:site_name\" content=\"ONG MEDRASSA DU DESERT\" \/>\n<meta property=\"article:publisher\" content=\"https:\/\/fr-fr.facebook.com\/ONGMDD\/\" \/>\n<meta name=\"twitter:card\" content=\"summary_large_image\" \/>\n<meta name=\"twitter:label1\" content=\"Dur\u00e9e de lecture estim\u00e9e\" \/>\n\t<meta name=\"twitter:data1\" content=\"5 minutes\" \/>\n<script type=\"application\/ld+json\" class=\"yoast-schema-graph\">{\"@context\":\"https:\\\/\\\/schema.org\",\"@graph\":[{\"@type\":\"WebPage\",\"@id\":\"https:\\\/\\\/medrassadudesert.org\\\/index.php\\\/sur-le-terrain\\\/sur-le-terrain-2023\\\/\",\"url\":\"https:\\\/\\\/medrassadudesert.org\\\/index.php\\\/sur-le-terrain\\\/sur-le-terrain-2023\\\/\",\"name\":\"Sur le terrain - 2023 - ONG MEDRASSA DU DESERT\",\"isPartOf\":{\"@id\":\"https:\\\/\\\/medrassadudesert.org\\\/#website\"},\"datePublished\":\"2024-08-06T08:23:57+00:00\",\"breadcrumb\":{\"@id\":\"https:\\\/\\\/medrassadudesert.org\\\/index.php\\\/sur-le-terrain\\\/sur-le-terrain-2023\\\/#breadcrumb\"},\"inLanguage\":\"fr-FR\",\"potentialAction\":[{\"@type\":\"ReadAction\",\"target\":[\"https:\\\/\\\/medrassadudesert.org\\\/index.php\\\/sur-le-terrain\\\/sur-le-terrain-2023\\\/\"]}]},{\"@type\":\"BreadcrumbList\",\"@id\":\"https:\\\/\\\/medrassadudesert.org\\\/index.php\\\/sur-le-terrain\\\/sur-le-terrain-2023\\\/#breadcrumb\",\"itemListElement\":[{\"@type\":\"ListItem\",\"position\":1,\"name\":\"Accueil\",\"item\":\"https:\\\/\\\/medrassadudesert.org\\\/\"},{\"@type\":\"ListItem\",\"position\":2,\"name\":\"Sur le terrain\",\"item\":\"https:\\\/\\\/medrassadudesert.org\\\/index.php\\\/sur-le-terrain\\\/\"},{\"@type\":\"ListItem\",\"position\":3,\"name\":\"Sur le terrain &#8211; 2023\"}]},{\"@type\":\"WebSite\",\"@id\":\"https:\\\/\\\/medrassadudesert.org\\\/#website\",\"url\":\"https:\\\/\\\/medrassadudesert.org\\\/\",\"name\":\"ONG MEDRASSA DU DESERT\",\"description\":\"Am\u00e9liorer la scolarit\u00e9 &amp; la sant\u00e9 des enfants du d\u00e9sert mauritanien\",\"potentialAction\":[{\"@type\":\"SearchAction\",\"target\":{\"@type\":\"EntryPoint\",\"urlTemplate\":\"https:\\\/\\\/medrassadudesert.org\\\/?s={search_term_string}\"},\"query-input\":{\"@type\":\"PropertyValueSpecification\",\"valueRequired\":true,\"valueName\":\"search_term_string\"}}],\"inLanguage\":\"fr-FR\"}]}<\/script>\n<!-- \/ Yoast SEO plugin. -->","yoast_head_json":{"title":"Sur le terrain - 2023 - ONG MEDRASSA DU DESERT","robots":{"index":"index","follow":"follow","max-snippet":"max-snippet:-1","max-image-preview":"max-image-preview:large","max-video-preview":"max-video-preview:-1"},"canonical":"https:\/\/medrassadudesert.org\/index.php\/sur-le-terrain\/sur-le-terrain-2023\/","og_locale":"fr_FR","og_type":"article","og_title":"Sur le terrain - 2023 - ONG MEDRASSA DU DESERT","og_description":"Objectifs\u00a0: reconstruction de l\u2019\u00e9cole de Seguelill, r\u00e9paration sur les classes de Jraif et pr\u00e9paration des projets futurs. SEGUELILL : Rappel du contexte : Ce projet vot\u00e9 lors de l\u2019AG en F\u00e9vrier, consistait \u00e0 re-construire l\u2019\u00e9cole du village gravement d\u00e9t\u00e9rior\u00e9e par les intemp\u00e9ries en septembre puis d\u00e9cembre 2022. Pour la premi\u00e8re fois depuis 17 ans, les [&hellip;]","og_url":"https:\/\/medrassadudesert.org\/index.php\/sur-le-terrain\/sur-le-terrain-2023\/","og_site_name":"ONG MEDRASSA DU DESERT","article_publisher":"https:\/\/fr-fr.facebook.com\/ONGMDD\/","twitter_card":"summary_large_image","twitter_misc":{"Dur\u00e9e de lecture estim\u00e9e":"5 minutes"},"schema":{"@context":"https:\/\/schema.org","@graph":[{"@type":"WebPage","@id":"https:\/\/medrassadudesert.org\/index.php\/sur-le-terrain\/sur-le-terrain-2023\/","url":"https:\/\/medrassadudesert.org\/index.php\/sur-le-terrain\/sur-le-terrain-2023\/","name":"Sur le terrain - 2023 - ONG MEDRASSA DU DESERT","isPartOf":{"@id":"https:\/\/medrassadudesert.org\/#website"},"datePublished":"2024-08-06T08:23:57+00:00","breadcrumb":{"@id":"https:\/\/medrassadudesert.org\/index.php\/sur-le-terrain\/sur-le-terrain-2023\/#breadcrumb"},"inLanguage":"fr-FR","potentialAction":[{"@type":"ReadAction","target":["https:\/\/medrassadudesert.org\/index.php\/sur-le-terrain\/sur-le-terrain-2023\/"]}]},{"@type":"BreadcrumbList","@id":"https:\/\/medrassadudesert.org\/index.php\/sur-le-terrain\/sur-le-terrain-2023\/#breadcrumb","itemListElement":[{"@type":"ListItem","position":1,"name":"Accueil","item":"https:\/\/medrassadudesert.org\/"},{"@type":"ListItem","position":2,"name":"Sur le terrain","item":"https:\/\/medrassadudesert.org\/index.php\/sur-le-terrain\/"},{"@type":"ListItem","position":3,"name":"Sur le terrain &#8211; 2023"}]},{"@type":"WebSite","@id":"https:\/\/medrassadudesert.org\/#website","url":"https:\/\/medrassadudesert.org\/","name":"ONG MEDRASSA DU DESERT","description":"Am\u00e9liorer la scolarit\u00e9 &amp; la sant\u00e9 des enfants du d\u00e9sert mauritanien","potentialAction":[{"@type":"SearchAction","target":{"@type":"EntryPoint","urlTemplate":"https:\/\/medrassadudesert.org\/?s={search_term_string}"},"query-input":{"@type":"PropertyValueSpecification","valueRequired":true,"valueName":"search_term_string"}}],"inLanguage":"fr-FR"}]}},"_links":{"self":[{"href":"https:\/\/medrassadudesert.org\/index.php\/wp-json\/wp\/v2\/pages\/5202","targetHints":{"allow":["GET"]}}],"collection":[{"href":"https:\/\/medrassadudesert.org\/index.php\/wp-json\/wp\/v2\/pages"}],"about":[{"href":"https:\/\/medrassadudesert.org\/index.php\/wp-json\/wp\/v2\/types\/page"}],"author":[{"embeddable":true,"href":"https:\/\/medrassadudesert.org\/index.php\/wp-json\/wp\/v2\/users\/2"}],"replies":[{"embeddable":true,"href":"https:\/\/medrassadudesert.org\/index.php\/wp-json\/wp\/v2\/comments?post=5202"}],"version-history":[{"count":1,"href":"https:\/\/medrassadudesert.org\/index.php\/wp-json\/wp\/v2\/pages\/5202\/revisions"}],"predecessor-version":[{"id":5203,"href":"https:\/\/medrassadudesert.org\/index.php\/wp-json\/wp\/v2\/pages\/5202\/revisions\/5203"}],"up":[{"embeddable":true,"href":"https:\/\/medrassadudesert.org\/index.php\/wp-json\/wp\/v2\/pages\/4002"}],"wp:attachment":[{"href":"https:\/\/medrassadudesert.org\/index.php\/wp-json\/wp\/v2\/media?parent=5202"}],"curies":[{"name":"wp","href":"https:\/\/api.w.org\/{rel}","templated":true}]}}