{"id":5210,"date":"2024-08-06T10:38:45","date_gmt":"2024-08-06T08:38:45","guid":{"rendered":"https:\/\/medrassadudesert.org\/?page_id=5210"},"modified":"2024-08-06T10:38:45","modified_gmt":"2024-08-06T08:38:45","slug":"sur-le-terrain-2024","status":"publish","type":"page","link":"https:\/\/medrassadudesert.org\/index.php\/sur-le-terrain-2024\/","title":{"rendered":"Sur le terrain &#8211; 2024"},"content":{"rendered":"<p><span style=\"color: #993300;\"><strong><em>Cette ann\u00e9e, deux interventions majeures sont programm\u00e9es\u00a0: l\u2019une sur l\u2019\u00e9cole Dehele\u00e4a, l\u2019autre sur le poste de sant\u00e9 Edebaye.<\/em><\/strong><\/span><\/p>\n<p><span style=\"color: #993300;\"><strong><em>Et bien s\u00fbr, toujours les activit\u00e9s envers les familles et les enfants en m\u00eame temps que la pr\u00e9paration des actions 2025 et de la r\u00e9flexion pour 2026.<\/em><\/strong><\/span><\/p>\n<p><strong><span style=\"color: #0000ff;\"><em>DEHELE\u00c4A\u00a0:<\/em><\/span><\/strong><\/p>\n<p>Le projet vot\u00e9 en AG est en cours de r\u00e9alisation<\/p>\n<p>Il consiste \u00e0 construire la 3e classe de Dehele\u00e4a mais aussi terminer la 2e classe, construire des sanitaires, assurer la finition int\u00e9rieure et ext\u00e9rieure des 3 classes, compl\u00e9ter le nombre de pupitres scolaires, cl\u00f4turer l\u2019\u00e9cole et s\u00e9curiser un poste de sant\u00e9.<\/p>\n<p>Apr\u00e8s une journ\u00e9e d\u00e9di\u00e9e aux achats de mat\u00e9riaux, aux commandes de fabrication des portes et fen\u00eatres et la recherche d\u2019un transporteur pour acheminer la premi\u00e8re vague de mat\u00e9riaux au village, le pr\u00e9sident pose les priorit\u00e9s d\u2019actions et rappelle l\u2019\u00e9ch\u00e9ancier \u00e0 tenir.<\/p>\n<p>Nous avions \u201crecrut\u00e9\u201d un nouveau ma\u00e7on, r\u00e9sident du village. Pour gagner du temps, il a pris l\u2019initiative de creuser et couler les fondations de la 3e classe\u00a0 conform\u00e9ment aux plans qui lui avaient \u00e9t\u00e9 envoy\u00e9s par Whatsapp<\/p>\n<p>Il a mobilis\u00e9 autour de lui 5 man\u0153uvres. L\u2019\u00e9quipe travaille avec une efficacit\u00e9 rare et dans les r\u00e8gles de l\u2019art.<\/p>\n<p>Les travaux de construction des toilettes commencent d\u00e8s le 24 avril sous le contr\u00f4le du pr\u00e9sident. Il fait 45 degr\u00e9s. Les murs de la 3<sup>e<\/sup> classe montent \u00e0 un beau rythme, Mohamed le ma\u00e7on ne laisse pas souffler ses \u00e9quipes.<\/p>\n<p>Une fois r\u00e9alis\u00e9 le gros \u0153uvre, nous profitons de trois jours sans classe pour poser le cr\u00e9pi int\u00e9rieur de la plus ancienne classe. Puis pour \u00ab\u00a0\u00e9chapper\u00a0\u00bb \u00e0 la chaleur, nous alternons les travaux sur les toitures le matin, avec le travail de pr\u00e9paration des armatures m\u00e9talliques et le cr\u00e9pis int\u00e9rieur l\u2019apr\u00e8s-midi.<\/p>\n<p>Les travaux ne s\u2019arr\u00eatent qu\u2019avec la nuit.<\/p>\n<p>Nous avons b\u00e9n\u00e9ficier d\u2019un taux de change favorable, de belles remises sur les mat\u00e9riaux, d\u2019un don de particulier important et de recettes exceptionnelles li\u00e9es aux prestations r\u00e9alis\u00e9es par Philippe.<\/p>\n<p>En cons\u00e9quence, apr\u00e8s quelques \u00e9changes t\u00e9l\u00e9phoniques entre membres du bureau, la d\u00e9cision de construire une petite pi\u00e8ce suppl\u00e9mentaire est prise pour accueillir la cuisine de la cantine. En effet, jusque l\u00e0 les femmes du village faisaient la cuisine dans une des classes.<\/p>\n<p><span style=\"color: #0000ff;\"><strong><em>EDEBAYE\u00a0:<\/em><\/strong><\/span><\/p>\n<p>Le poste de sant\u00e9 avait besoins d\u2019\u00eatre s\u00e9curis\u00e9\u00a0 par une cl\u00f4ture et il fallait changer les portes de r\u00e9cup\u00e9ration qui \u00e9taient en tr\u00e8s mauvais \u00e9tat et n\u2019emp\u00eachaient pas les intrusions.<\/p>\n<p>Nous avons aussi install\u00e9 les lignes \u00e9lectriques internes et pr\u00e9parer le raccordement au r\u00e9seau d\u2019eau.<\/p>\n<p>Il reste \u00e0 l\u2019administration, \u00e0 la Somelec et \u00e0 la soci\u00e9t\u00e9 nationale de l\u2019eau de faire le n\u00e9cessaire pour r\u00e9aliser les branchements<\/p>\n<p><span style=\"color: #0000ff;\"><strong><em>PMI ATAR :<\/em><\/strong><\/span><\/p>\n<p>Nous avons remis au directeur de la PMI\u00a0 d\u2019ATAR du mat\u00e9riels m\u00e9dical et param\u00e9dical dont un volume important provenant de dons de la Pharmacie de la Gare \u00e0 Arpajon.<\/p>\n<p><span style=\"color: #0000ff;\"><strong><em>PROJETS FUTURS :<\/em><\/strong><\/span><\/p>\n<p>Nous avons accompagn\u00e9 l\u2019IDEN sur plusieurs sites d\u2019\u00e9coles en difficult\u00e9s.<\/p>\n<p>Celle d\u2019Edebaye, pr\u00e8s d\u2019Atar demande des r\u00e9parations , celle nomm\u00e9e \u201cchateau d\u2019eau\u201d a de gros besoins et enfin celle du village d\u2019Agadyre (commune de Tawaz) est en ruine.<\/p>\n<p>Les prises de mesures, de photos et les premiers \u00e9changes avec les villageois vont permettre de construire un ou plusieurs projets pour 2025-2026 avec une priorit\u00e9 forte pour Agadyre car les enfants sont h\u00e9berg\u00e9s dans une case pr\u00eat\u00e9e par un habitant momentan\u00e9ment absent mais qui ne sera plus disponible en octobre.<\/p>\n<p>Nous avons battu le rappel de nos contacts et partenaires pour trouver deux Kha\u00efma (tentes) afin de permettre la reprise de scolarit\u00e9 \u00e0 la rentr\u00e9e en attendant les travaux de reconstruction des deux classes de l\u2019\u00e9cole en 2025\u2026..si les budgets sont aux rendez-vous<\/p>\n","protected":false},"excerpt":{"rendered":"<p>Cette ann\u00e9e, deux interventions majeures sont programm\u00e9es\u00a0: l\u2019une sur l\u2019\u00e9cole Dehele\u00e4a, l\u2019autre sur le poste de sant\u00e9 Edebaye. Et bien s\u00fbr, toujours les activit\u00e9s envers les familles et les enfants en m\u00eame temps que la pr\u00e9paration des actions 2025 et de la r\u00e9flexion pour 2026. DEHELE\u00c4A\u00a0: Le projet vot\u00e9 en AG est en cours de [&hellip;]<\/p>\n","protected":false},"author":2,"featured_media":0,"parent":0,"menu_order":0,"comment_status":"closed","ping_status":"closed","template":"","meta":{"_monsterinsights_skip_tracking":false,"_monsterinsights_sitenote_active":false,"_monsterinsights_sitenote_note":"","_monsterinsights_sitenote_category":0,"footnotes":""},"class_list":["post-5210","page","type-page","status-publish","hentry"],"yoast_head":"<!-- This site is optimized with the Yoast SEO plugin v27.4 - https:\/\/yoast.com\/product\/yoast-seo-wordpress\/ -->\n<title>Sur le terrain - 2024 - ONG MEDRASSA DU DESERT<\/title>\n<meta name=\"robots\" content=\"index, follow, max-snippet:-1, max-image-preview:large, max-video-preview:-1\" \/>\n<link rel=\"canonical\" href=\"https:\/\/medrassadudesert.org\/index.php\/sur-le-terrain-2024\/\" \/>\n<meta property=\"og:locale\" content=\"fr_FR\" \/>\n<meta property=\"og:type\" content=\"article\" \/>\n<meta property=\"og:title\" content=\"Sur le terrain - 2024 - ONG MEDRASSA DU DESERT\" \/>\n<meta property=\"og:description\" content=\"Cette ann\u00e9e, deux interventions majeures sont programm\u00e9es\u00a0: l\u2019une sur l\u2019\u00e9cole Dehele\u00e4a, l\u2019autre sur le poste de sant\u00e9 Edebaye. Et bien s\u00fbr, toujours les activit\u00e9s envers les familles et les enfants en m\u00eame temps que la pr\u00e9paration des actions 2025 et de la r\u00e9flexion pour 2026. DEHELE\u00c4A\u00a0: Le projet vot\u00e9 en AG est en cours de [&hellip;]\" \/>\n<meta property=\"og:url\" content=\"https:\/\/medrassadudesert.org\/index.php\/sur-le-terrain-2024\/\" \/>\n<meta property=\"og:site_name\" content=\"ONG MEDRASSA DU DESERT\" \/>\n<meta property=\"article:publisher\" content=\"https:\/\/fr-fr.facebook.com\/ONGMDD\/\" \/>\n<meta name=\"twitter:card\" content=\"summary_large_image\" \/>\n<meta name=\"twitter:label1\" content=\"Dur\u00e9e de lecture estim\u00e9e\" \/>\n\t<meta name=\"twitter:data1\" content=\"4 minutes\" \/>\n<script type=\"application\/ld+json\" class=\"yoast-schema-graph\">{\"@context\":\"https:\\\/\\\/schema.org\",\"@graph\":[{\"@type\":\"WebPage\",\"@id\":\"https:\\\/\\\/medrassadudesert.org\\\/index.php\\\/sur-le-terrain-2024\\\/\",\"url\":\"https:\\\/\\\/medrassadudesert.org\\\/index.php\\\/sur-le-terrain-2024\\\/\",\"name\":\"Sur le terrain - 2024 - ONG MEDRASSA DU DESERT\",\"isPartOf\":{\"@id\":\"https:\\\/\\\/medrassadudesert.org\\\/#website\"},\"datePublished\":\"2024-08-06T08:38:45+00:00\",\"breadcrumb\":{\"@id\":\"https:\\\/\\\/medrassadudesert.org\\\/index.php\\\/sur-le-terrain-2024\\\/#breadcrumb\"},\"inLanguage\":\"fr-FR\",\"potentialAction\":[{\"@type\":\"ReadAction\",\"target\":[\"https:\\\/\\\/medrassadudesert.org\\\/index.php\\\/sur-le-terrain-2024\\\/\"]}]},{\"@type\":\"BreadcrumbList\",\"@id\":\"https:\\\/\\\/medrassadudesert.org\\\/index.php\\\/sur-le-terrain-2024\\\/#breadcrumb\",\"itemListElement\":[{\"@type\":\"ListItem\",\"position\":1,\"name\":\"Accueil\",\"item\":\"https:\\\/\\\/medrassadudesert.org\\\/\"},{\"@type\":\"ListItem\",\"position\":2,\"name\":\"Sur le terrain &#8211; 2024\"}]},{\"@type\":\"WebSite\",\"@id\":\"https:\\\/\\\/medrassadudesert.org\\\/#website\",\"url\":\"https:\\\/\\\/medrassadudesert.org\\\/\",\"name\":\"ONG MEDRASSA DU DESERT\",\"description\":\"Am\u00e9liorer la scolarit\u00e9 &amp; la sant\u00e9 des enfants du d\u00e9sert mauritanien\",\"potentialAction\":[{\"@type\":\"SearchAction\",\"target\":{\"@type\":\"EntryPoint\",\"urlTemplate\":\"https:\\\/\\\/medrassadudesert.org\\\/?s={search_term_string}\"},\"query-input\":{\"@type\":\"PropertyValueSpecification\",\"valueRequired\":true,\"valueName\":\"search_term_string\"}}],\"inLanguage\":\"fr-FR\"}]}<\/script>\n<!-- \/ Yoast SEO plugin. -->","yoast_head_json":{"title":"Sur le terrain - 2024 - ONG MEDRASSA DU DESERT","robots":{"index":"index","follow":"follow","max-snippet":"max-snippet:-1","max-image-preview":"max-image-preview:large","max-video-preview":"max-video-preview:-1"},"canonical":"https:\/\/medrassadudesert.org\/index.php\/sur-le-terrain-2024\/","og_locale":"fr_FR","og_type":"article","og_title":"Sur le terrain - 2024 - ONG MEDRASSA DU DESERT","og_description":"Cette ann\u00e9e, deux interventions majeures sont programm\u00e9es\u00a0: l\u2019une sur l\u2019\u00e9cole Dehele\u00e4a, l\u2019autre sur le poste de sant\u00e9 Edebaye. Et bien s\u00fbr, toujours les activit\u00e9s envers les familles et les enfants en m\u00eame temps que la pr\u00e9paration des actions 2025 et de la r\u00e9flexion pour 2026. DEHELE\u00c4A\u00a0: Le projet vot\u00e9 en AG est en cours de [&hellip;]","og_url":"https:\/\/medrassadudesert.org\/index.php\/sur-le-terrain-2024\/","og_site_name":"ONG MEDRASSA DU DESERT","article_publisher":"https:\/\/fr-fr.facebook.com\/ONGMDD\/","twitter_card":"summary_large_image","twitter_misc":{"Dur\u00e9e de lecture estim\u00e9e":"4 minutes"},"schema":{"@context":"https:\/\/schema.org","@graph":[{"@type":"WebPage","@id":"https:\/\/medrassadudesert.org\/index.php\/sur-le-terrain-2024\/","url":"https:\/\/medrassadudesert.org\/index.php\/sur-le-terrain-2024\/","name":"Sur le terrain - 2024 - ONG MEDRASSA DU DESERT","isPartOf":{"@id":"https:\/\/medrassadudesert.org\/#website"},"datePublished":"2024-08-06T08:38:45+00:00","breadcrumb":{"@id":"https:\/\/medrassadudesert.org\/index.php\/sur-le-terrain-2024\/#breadcrumb"},"inLanguage":"fr-FR","potentialAction":[{"@type":"ReadAction","target":["https:\/\/medrassadudesert.org\/index.php\/sur-le-terrain-2024\/"]}]},{"@type":"BreadcrumbList","@id":"https:\/\/medrassadudesert.org\/index.php\/sur-le-terrain-2024\/#breadcrumb","itemListElement":[{"@type":"ListItem","position":1,"name":"Accueil","item":"https:\/\/medrassadudesert.org\/"},{"@type":"ListItem","position":2,"name":"Sur le terrain &#8211; 2024"}]},{"@type":"WebSite","@id":"https:\/\/medrassadudesert.org\/#website","url":"https:\/\/medrassadudesert.org\/","name":"ONG MEDRASSA DU DESERT","description":"Am\u00e9liorer la scolarit\u00e9 &amp; la sant\u00e9 des enfants du d\u00e9sert mauritanien","potentialAction":[{"@type":"SearchAction","target":{"@type":"EntryPoint","urlTemplate":"https:\/\/medrassadudesert.org\/?s={search_term_string}"},"query-input":{"@type":"PropertyValueSpecification","valueRequired":true,"valueName":"search_term_string"}}],"inLanguage":"fr-FR"}]}},"_links":{"self":[{"href":"https:\/\/medrassadudesert.org\/index.php\/wp-json\/wp\/v2\/pages\/5210","targetHints":{"allow":["GET"]}}],"collection":[{"href":"https:\/\/medrassadudesert.org\/index.php\/wp-json\/wp\/v2\/pages"}],"about":[{"href":"https:\/\/medrassadudesert.org\/index.php\/wp-json\/wp\/v2\/types\/page"}],"author":[{"embeddable":true,"href":"https:\/\/medrassadudesert.org\/index.php\/wp-json\/wp\/v2\/users\/2"}],"replies":[{"embeddable":true,"href":"https:\/\/medrassadudesert.org\/index.php\/wp-json\/wp\/v2\/comments?post=5210"}],"version-history":[{"count":1,"href":"https:\/\/medrassadudesert.org\/index.php\/wp-json\/wp\/v2\/pages\/5210\/revisions"}],"predecessor-version":[{"id":5213,"href":"https:\/\/medrassadudesert.org\/index.php\/wp-json\/wp\/v2\/pages\/5210\/revisions\/5213"}],"wp:attachment":[{"href":"https:\/\/medrassadudesert.org\/index.php\/wp-json\/wp\/v2\/media?parent=5210"}],"curies":[{"name":"wp","href":"https:\/\/api.w.org\/{rel}","templated":true}]}}